{"id":24,"date":"2018-09-13T15:41:57","date_gmt":"2018-09-13T13:41:57","guid":{"rendered":"https:\/\/wbook.online\/terrapreta\/?page_id=24"},"modified":"2018-09-13T15:41:57","modified_gmt":"2018-09-13T13:41:57","slug":"probeseite","status":"publish","type":"page","link":"https:\/\/wbook.online\/terrapreta\/","title":{"rendered":"Probeseite"},"content":{"rendered":"<header class=\"entry-header\">\n<div class=\"entry-header-wrapper\">\n<h1 class=\"entry-title\">Beispiel-Seite<\/h1>\n<\/div>\n<\/header>\n<div class=\"entry-content\">\n<p>Dies ist eine Beispiel-Seite. Sie unterscheidet sich von Beitr\u00e4gen, da sie stets an der selben Stelle bleibt und (bei den meisten Themes) in der Navigation angezeigt wird. Die meisten Leute starten mit einem Impressum, der Datenschutzerkl\u00e4rung oder einer \u201e\u00dcber uns\u201c-Seite mit einer Vorstellung f\u00fcr m\u00f6gliche Besucher der Website. Dort k\u00f6nnte zum Beispiel stehen:<\/p>\n<blockquote><p>Hallo! Tags\u00fcber arbeite ich als Fahrradkurier, nachts bin ich ein aufstrebender Schauspieler und dies hier ist meine Website. Ich lebe in Berlin, habe einen gro\u00dfen Hund namens Jack, mag Pi\u00f1a Coladas, jedoch weniger (ohne Schirm) im Regen stehen gelassen zu werden.<\/p><\/blockquote>\n<\/div>\n","protected":false},"excerpt":{"rendered":"<p>Beispiel-Seite Dies ist eine Beispiel-Seite. Sie unterscheidet sich von Beitr\u00e4gen, da sie stets an der selben Stelle bleibt und (bei den meisten Themes) in der Navigation angezeigt wird. Die meisten Leute starten mit einem Impressum, der Datenschutzerkl\u00e4rung oder einer \u201e\u00dcber uns\u201c-Seite mit einer Vorstellung f\u00fcr m\u00f6gliche Besucher der Website. Dort k\u00f6nnte zum Beispiel stehen: Hallo! &hellip; <a href=\"https:\/\/wbook.online\/terrapreta\/\" class=\"more-link\"><span class=\"screen-reader-text\">Probeseite<\/span> weiterlesen<\/a><\/p>\n","protected":false},"author":1,"featured_media":0,"parent":0,"menu_order":0,"comment_status":"closed","ping_status":"closed","template":"","meta":{"footnotes":""},"_links":{"self":[{"href":"https:\/\/wbook.online\/terrapreta\/wp-json\/wp\/v2\/pages\/24"}],"collection":[{"href":"https:\/\/wbook.online\/terrapreta\/wp-json\/wp\/v2\/pages"}],"about":[{"href":"https:\/\/wbook.online\/terrapreta\/wp-json\/wp\/v2\/types\/page"}],"author":[{"embeddable":true,"href":"https:\/\/wbook.online\/terrapreta\/wp-json\/wp\/v2\/users\/1"}],"replies":[{"embeddable":true,"href":"https:\/\/wbook.online\/terrapreta\/wp-json\/wp\/v2\/comments?post=24"}],"version-history":[{"count":1,"href":"https:\/\/wbook.online\/terrapreta\/wp-json\/wp\/v2\/pages\/24\/revisions"}],"predecessor-version":[{"id":25,"href":"https:\/\/wbook.online\/terrapreta\/wp-json\/wp\/v2\/pages\/24\/revisions\/25"}],"wp:attachment":[{"href":"https:\/\/wbook.online\/terrapreta\/wp-json\/wp\/v2\/media?parent=24"}],"curies":[{"name":"wp","href":"https:\/\/api.w.org\/{rel}","templated":true}]}}