{"id":9,"date":"2019-10-27T11:04:00","date_gmt":"2019-10-27T10:04:00","guid":{"rendered":"https:\/\/wbook.online\/notizen\/?page_id=9"},"modified":"2019-11-02T15:35:52","modified_gmt":"2019-11-02T14:35:52","slug":"angesprochen","status":"publish","type":"page","link":"https:\/\/wbook.online\/notizen\/angesprochen\/","title":{"rendered":"Angesprochen"},"content":{"rendered":"\n<p>Ich lese einen Zeitungsartikel. Der Beitrag des Autors oder der Autorin spricht mich an. Ich kann die geschriebenen Worte und Gedanken nach empfinden. M\u00f6glich, dass ich mich mit diesem Inhalt solidarisiere oder ihn  vielleicht auch ablehne. Aber interessant ist dieser Beitrag allemal!<\/p>\n\n\n\n<p>Dieser Beitrag ist gut, denke ich. Eigentlich zu schade, um ihn als &#8220;Zeitung von gestern&#8221; zu entsorgen. Also diese Zeitung sammeln? Viele Zeitungen sammeln?  Die Stapel mit Gesammelten in meinem Zuhause wachsen best\u00e4ndig. Das ist wohl doch nicht die eleganteste oder effizienteste L\u00f6sung.<\/p>\n\n\n\n<p>Aber ich m\u00f6chte gerne auch mit Freunden oder Bekannten \u00fcber diesen Beitrag sprechen, h\u00f6ren, was sie zu diesem Thema denken oder zu sagen h\u00e4tten! Was also tun?<\/p>\n\n\n\n<p>Meine L\u00f6sung: Ich notiere mir diesen Beitrag als Zitat! Notizen, nicht in meinem pers\u00f6nlichen Computer sondern auf meiner &#8220;Notizen&#8221;-Webseite. <\/p>\n\n\n\n<p>Ich kann so Freunde oder Bekannte zum Lesen dieses Beitrags einladen und sie so teilhaben lassen. Wir k\u00f6nnen dar\u00fcber sprechen, diskutieren, unterschiedliche Meinungen austauschen, gemeinsam f\u00fchlen, lachen, traurig sein, vielleicht selbst etwas initiieren &#8211; gemeinsam leben.<\/p>\n\n\n\n<p>Auch wenn ich ein Buch lese, kann auf diese Weise mit meiner Notizen-Webseite eine neue Kommunikation entstehen.<\/p>\n\n\n\n<p>Oder wenn ich etwas aus meiner Sicht Besonderes erlebe.<\/p>\n\n\n\n<p>Ich werde es versuchen und schreibe . . .<\/p>\n\n\n\n<p class=\"has-text-color has-luminous-vivid-orange-color\">weiterlesen <strong><a href=\"https:\/\/wbook.online\/notizen\">Meine Notizen<\/a><\/strong><\/p>\n","protected":false},"excerpt":{"rendered":"<p>Ich lese einen Zeitungsartikel. Der Beitrag des Autors oder der Autorin spricht mich an. Ich kann die geschriebenen Worte und Gedanken nach empfinden. M\u00f6glich, dass ich mich mit diesem Inhalt solidarisiere oder ihn vielleicht auch ablehne. Aber interessant ist dieser Beitrag allemal! Dieser Beitrag ist gut, denke ich. Eigentlich zu schade, um ihn als &#8220;Zeitung&hellip;<\/p>\n","protected":false},"author":1,"featured_media":0,"parent":0,"menu_order":0,"comment_status":"closed","ping_status":"closed","template":"","meta":{"footnotes":""},"_links":{"self":[{"href":"https:\/\/wbook.online\/notizen\/wp-json\/wp\/v2\/pages\/9"}],"collection":[{"href":"https:\/\/wbook.online\/notizen\/wp-json\/wp\/v2\/pages"}],"about":[{"href":"https:\/\/wbook.online\/notizen\/wp-json\/wp\/v2\/types\/page"}],"author":[{"embeddable":true,"href":"https:\/\/wbook.online\/notizen\/wp-json\/wp\/v2\/users\/1"}],"replies":[{"embeddable":true,"href":"https:\/\/wbook.online\/notizen\/wp-json\/wp\/v2\/comments?post=9"}],"version-history":[{"count":2,"href":"https:\/\/wbook.online\/notizen\/wp-json\/wp\/v2\/pages\/9\/revisions"}],"predecessor-version":[{"id":69,"href":"https:\/\/wbook.online\/notizen\/wp-json\/wp\/v2\/pages\/9\/revisions\/69"}],"wp:attachment":[{"href":"https:\/\/wbook.online\/notizen\/wp-json\/wp\/v2\/media?parent=9"}],"curies":[{"name":"wp","href":"https:\/\/api.w.org\/{rel}","templated":true}]}}